{"id":222,"date":"2023-05-09T19:24:32","date_gmt":"2023-05-09T17:24:32","guid":{"rendered":"https:\/\/xn--dida-bodenbelge-dlb.de\/?page_id=222"},"modified":"2023-06-12T19:37:29","modified_gmt":"2023-06-12T17:37:29","slug":"impressum","status":"publish","type":"page","link":"https:\/\/xn--dida-bodenbelge-dlb.de\/?page_id=222","title":{"rendered":"Impressum"},"content":{"rendered":"\n<figure class=\"wp-block-pullquote has-intrace-primary-color has-text-color\"><blockquote><p><strong>2. Kommanditgesellschaft (KG) \u2013 Impressum-Vorlage f\u00fcr die Website:<\/strong><br><br>dida-bodenbel\u00e4ge<br><br>D\u00fcrkheimer Stra\u00dfe 46<br>65934 Frankfurt am Main, Deutschland<br><br>Vertretungsberechtiger Gesellschafter:<br>Mehmet T\u00fcrk<br>(Komplement\u00e4r)<br>Telefon: 017630750827<br>E-Mail: info@mustermannkg.de<br><br>Registergericht: Amtsgericht Frankfurt am Main<br>Registernummer: HRA 12345<br>Umsatzsteuer-Identifikationsnummer gem. \u00a7 27a UStG: DE 123456789<br>Inhaltlich Verantwortlicher gem. \u00a7 55 II RStV: Mehmet T\u00fcrk  (Anschrift s.o.)<\/p><\/blockquote><\/figure>\n","protected":false},"excerpt":{"rendered":"<p>2. Kommanditgesellschaft (KG) \u2013 Impressum-Vorlage f\u00fcr die Website: dida-bodenbel\u00e4ge D\u00fcrkheimer Stra\u00dfe 4665934 Frankfurt am Main, Deutschland Vertretungsberechtiger Gesellschafter:Mehmet T\u00fcrk(Komplement\u00e4r)Telefon: 017630750827E-Mail: info@mustermannkg.de Registergericht: Amtsgericht Frankfurt am MainRegisternummer: HRA 12345Umsatzsteuer-Identifikationsnummer gem. \u00a7 27a UStG: DE 123456789Inhaltlich Verantwortlicher gem. \u00a7 55 II RStV: Mehmet T\u00fcrk (Anschrift s.o.)<\/p>\n","protected":false},"author":1,"featured_media":0,"parent":0,"menu_order":0,"comment_status":"closed","ping_status":"closed","template":"","meta":{"footnotes":""},"_links":{"self":[{"href":"https:\/\/xn--dida-bodenbelge-dlb.de\/index.php?rest_route=\/wp\/v2\/pages\/222"}],"collection":[{"href":"https:\/\/xn--dida-bodenbelge-dlb.de\/index.php?rest_route=\/wp\/v2\/pages"}],"about":[{"href":"https:\/\/xn--dida-bodenbelge-dlb.de\/index.php?rest_route=\/wp\/v2\/types\/page"}],"author":[{"embeddable":true,"href":"https:\/\/xn--dida-bodenbelge-dlb.de\/index.php?rest_route=\/wp\/v2\/users\/1"}],"replies":[{"embeddable":true,"href":"https:\/\/xn--dida-bodenbelge-dlb.de\/index.php?rest_route=%2Fwp%2Fv2%2Fcomments&post=222"}],"version-history":[{"count":3,"href":"https:\/\/xn--dida-bodenbelge-dlb.de\/index.php?rest_route=\/wp\/v2\/pages\/222\/revisions"}],"predecessor-version":[{"id":348,"href":"https:\/\/xn--dida-bodenbelge-dlb.de\/index.php?rest_route=\/wp\/v2\/pages\/222\/revisions\/348"}],"wp:attachment":[{"href":"https:\/\/xn--dida-bodenbelge-dlb.de\/index.php?rest_route=%2Fwp%2Fv2%2Fmedia&parent=222"}],"curies":[{"name":"wp","href":"https:\/\/api.w.org\/{rel}","templated":true}]}}